{"id":121,"date":"2017-08-21T14:06:48","date_gmt":"2017-08-21T18:06:48","guid":{"rendered":"http:\/\/skindigenous.tv\/?page_id=121\/"},"modified":"2019-04-03T12:57:04","modified_gmt":"2019-04-03T16:57:04","slug":"contact","status":"publish","type":"page","link":"https:\/\/skindigenous.tv\/dn\/contact\/","title":{"rendered":"Nuh\u00eb\u0301 Ts\u2019\u00eb\u0301n N\u00eby\u00e9lt\u0131\u0301"},"content":{"rendered":"","protected":false},"excerpt":{"rendered":"","protected":false},"author":1,"featured_media":0,"parent":0,"menu_order":0,"comment_status":"closed","ping_status":"closed","template":"template-contact.php","meta":{"_acf_changed":false,"footnotes":""},"class_list":["post-121","page","type-page","status-publish","hentry"],"acf":[],"_links":{"self":[{"href":"https:\/\/skindigenous.tv\/dn\/wp-json\/wp\/v2\/pages\/121","targetHints":{"allow":["GET"]}}],"collection":[{"href":"https:\/\/skindigenous.tv\/dn\/wp-json\/wp\/v2\/pages"}],"about":[{"href":"https:\/\/skindigenous.tv\/dn\/wp-json\/wp\/v2\/types\/page"}],"author":[{"embeddable":true,"href":"https:\/\/skindigenous.tv\/dn\/wp-json\/wp\/v2\/users\/1"}],"replies":[{"embeddable":true,"href":"https:\/\/skindigenous.tv\/dn\/wp-json\/wp\/v2\/comments?post=121"}],"version-history":[{"count":3,"href":"https:\/\/skindigenous.tv\/dn\/wp-json\/wp\/v2\/pages\/121\/revisions"}],"predecessor-version":[{"id":742,"href":"https:\/\/skindigenous.tv\/dn\/wp-json\/wp\/v2\/pages\/121\/revisions\/742"}],"wp:attachment":[{"href":"https:\/\/skindigenous.tv\/dn\/wp-json\/wp\/v2\/media?parent=121"}],"curies":[{"name":"wp","href":"https:\/\/api.w.org\/{rel}","templated":true}]}}