{"id":716,"date":"2018-03-12T14:49:01","date_gmt":"2018-03-12T18:49:01","guid":{"rendered":"https:\/\/skindigenous.tv\/shop\/"},"modified":"2018-06-04T11:51:52","modified_gmt":"2018-06-04T15:51:52","slug":"asie-nani%cc%a8","status":"publish","type":"page","link":"https:\/\/skindigenous.tv\/dn\/asie-nani%cc%a8\/","title":{"rendered":"As\u0131\u0301\u00eb n\u00e1n\u0131\u0301\u0328"},"content":{"rendered":"","protected":false},"excerpt":{"rendered":"","protected":false},"author":1,"featured_media":0,"parent":0,"menu_order":0,"comment_status":"closed","ping_status":"closed","template":"template-shop.php","meta":{"_acf_changed":false,"footnotes":""},"class_list":["post-716","page","type-page","status-publish","hentry"],"acf":[],"_links":{"self":[{"href":"https:\/\/skindigenous.tv\/dn\/wp-json\/wp\/v2\/pages\/716","targetHints":{"allow":["GET"]}}],"collection":[{"href":"https:\/\/skindigenous.tv\/dn\/wp-json\/wp\/v2\/pages"}],"about":[{"href":"https:\/\/skindigenous.tv\/dn\/wp-json\/wp\/v2\/types\/page"}],"author":[{"embeddable":true,"href":"https:\/\/skindigenous.tv\/dn\/wp-json\/wp\/v2\/users\/1"}],"replies":[{"embeddable":true,"href":"https:\/\/skindigenous.tv\/dn\/wp-json\/wp\/v2\/comments?post=716"}],"version-history":[{"count":3,"href":"https:\/\/skindigenous.tv\/dn\/wp-json\/wp\/v2\/pages\/716\/revisions"}],"predecessor-version":[{"id":731,"href":"https:\/\/skindigenous.tv\/dn\/wp-json\/wp\/v2\/pages\/716\/revisions\/731"}],"wp:attachment":[{"href":"https:\/\/skindigenous.tv\/dn\/wp-json\/wp\/v2\/media?parent=716"}],"curies":[{"name":"wp","href":"https:\/\/api.w.org\/{rel}","templated":true}]}}